{"id":1099,"date":"2023-06-22T10:26:39","date_gmt":"2023-06-22T08:26:39","guid":{"rendered":"https:\/\/bottegapianoforte.ch\/privacy-policy\/"},"modified":"2023-08-24T09:39:00","modified_gmt":"2023-08-24T07:39:00","slug":"privacy-policy","status":"publish","type":"page","link":"https:\/\/bottegapianoforte.ch\/de\/privacy-policy\/","title":{"rendered":"Privacy Policy"},"content":{"rendered":"\t\t<div data-elementor-type=\"wp-page\" data-elementor-id=\"1099\" class=\"elementor elementor-1099 elementor-3\" data-elementor-post-type=\"page\">\n\t\t\t\t<div class=\"elementor-element elementor-element-9292b14 e-flex e-con-boxed e-con e-parent\" data-id=\"9292b14\" data-element_type=\"container\" data-core-v316-plus=\"true\">\n\t\t\t\t\t<div class=\"e-con-inner\">\n\t\t\t\t<div class=\"elementor-element elementor-element-22909c4 elementor-widget elementor-widget-heading\" data-id=\"22909c4\" data-element_type=\"widget\" data-widget_type=\"heading.default\">\n\t\t\t\t<div class=\"elementor-widget-container\">\n\t\t\t<style>\/*! elementor - v3.20.0 - 13-03-2024 *\/\n.elementor-heading-title{padding:0;margin:0;line-height:1}.elementor-widget-heading .elementor-heading-title[class*=elementor-size-]>a{color:inherit;font-size:inherit;line-height:inherit}.elementor-widget-heading .elementor-heading-title.elementor-size-small{font-size:15px}.elementor-widget-heading .elementor-heading-title.elementor-size-medium{font-size:19px}.elementor-widget-heading .elementor-heading-title.elementor-size-large{font-size:29px}.elementor-widget-heading .elementor-heading-title.elementor-size-xl{font-size:39px}.elementor-widget-heading .elementor-heading-title.elementor-size-xxl{font-size:59px}<\/style><h2 class=\"elementor-heading-title elementor-size-default\">Privacy Policy<\/h2>\t\t<\/div>\n\t\t\t\t<\/div>\n\t\t\t\t<div class=\"elementor-element elementor-element-7cb03f9 elementor-widget elementor-widget-text-editor\" data-id=\"7cb03f9\" data-element_type=\"widget\" data-widget_type=\"text-editor.default\">\n\t\t\t\t<div class=\"elementor-widget-container\">\n\t\t\t<style>\/*! elementor - v3.20.0 - 13-03-2024 *\/\n.elementor-widget-text-editor.elementor-drop-cap-view-stacked .elementor-drop-cap{background-color:#69727d;color:#fff}.elementor-widget-text-editor.elementor-drop-cap-view-framed .elementor-drop-cap{color:#69727d;border:3px solid;background-color:transparent}.elementor-widget-text-editor:not(.elementor-drop-cap-view-default) .elementor-drop-cap{margin-top:8px}.elementor-widget-text-editor:not(.elementor-drop-cap-view-default) .elementor-drop-cap-letter{width:1em;height:1em}.elementor-widget-text-editor .elementor-drop-cap{float:left;text-align:center;line-height:1;font-size:50px}.elementor-widget-text-editor .elementor-drop-cap-letter{display:inline-block}<\/style>\t\t\t\t<div class=\"page\" title=\"Page 1\">\n<div class=\"layoutArea\">\n<div class=\"column\">\n<p><strong>Datenschutzerkl\u00e4rung<\/strong><\/p>\n<p>Wir informieren Sie gem\u00e4\u00df \u00a7 4 Abs. 1 lit. 5 des Bundesdatenschutzgesetzes (BDSG) und ggf. des Art. 5, 13 und 14 der Europ\u00e4ischen Verordnung (EU) 2016\/679 (DSGVO), dass die im Rahmen unserer T\u00e4tigkeit bereitgestellten oder anderweitig erhobenen personenbezogenen Daten unter Einhaltung der in den oben genannten Verordnungen dargelegten Grunds\u00e4tze verarbeitet werden strenge Geheimhaltungspflichten, denen die T\u00e4tigkeit unseres Unternehmens unterliegt.<br \/>Wir weisen darauf hin, dass nur die Verarbeitung von Daten erfolgt, die in den r\u00e4umlichen Geltungsbereich des Art. 3 DSGVO unterliegen der europ\u00e4ischen Verordnung bzw. im Fall von:<br \/>a) Angebot von Waren oder Dienstleistungen an nat\u00fcrliche Personen in der EU;<br \/>b) \u00dcberwachung des Verhaltens nat\u00fcrlicher Personen in der EU.<br \/>La Bottega del Pianoforte SA hat keine Gesch\u00e4ftsniederlassung in der EU.<\/p>\n<p><br \/><strong>1. Definitionen<\/strong><br \/>Im Sinne dieser Information ist damit gemeint:<br \/>a) \u201ebetroffene Person\u201c: jede identifizierte oder identifizierbare nat\u00fcrliche Person, die von einer oder mehreren personenbezogenen Daten betroffen ist. Dabei kann es sich um eine Person handeln, die lediglich auf unserer Website surft oder sich auf irgendeine Weise Informationen beschafft, oder um Personen, die mit unserem Unternehmen Kontakt aufgenommen und\/oder einen Auftrag jeglicher Art abgeschlossen haben;<br \/>b) \u201epersonenbezogene Daten\u201c: alle Informationen, die sich auf eine identifizierte oder identifizierbare nat\u00fcrliche Person beziehen; Eine identifizierbare nat\u00fcrliche Person ist eine Person, die direkt oder indirekt unter besonderer Bezugnahme auf eine Kennung wie einen Namen, eine Kennnummer, Standortdaten, eine Online-Kennung oder ein oder mehrere charakteristische Elemente ihrer physischen, physiologischen oder genetischen Identit\u00e4t identifiziert werden kann , psychisch, wirtschaftlich, kulturell oder sozial;<br \/>c) \u201ebesonders sch\u00fctzenswerte Daten\u201c oder \u201ebesondere Daten\u201c: sensible Informationen wie solche aus dem Intimbereich, Sozialhilfema\u00dfnahmen, Rasse und ethnische Herkunft, politische Meinungen, religi\u00f6se oder philosophische \u00dcberzeugungen, Gewerkschaftszugeh\u00f6rigkeit, biometrische oder Gesundheitsdaten ;<br \/>d) \u201eDaten \u00fcber strafrechtliche Verurteilungen und Straftaten oder damit verbundene Sicherheitsma\u00dfnahmen\u201c: personenbezogene Daten, die Aufschluss \u00fcber Ma\u00dfnahmen im Strafregister, das Register der Verwaltungssanktionen im Zusammenhang mit Straftaten und die damit verbundenen anh\u00e4ngigen Anklagen oder den Status des Angeklagten oder Verd\u00e4chtigen geben k\u00f6nnen gem\u00e4\u00df der Strafprozessordnung;<br \/>e) \u201eVerarbeitung\u201c: jeder mit oder ohne Hilfe automatisierter Verfahren ausgef\u00fchrte Vorgang oder jede Vorgangsreihe im Zusammenhang mit personenbezogenen Daten oder Datens\u00e4tzen personenbezogener Daten wie das Erheben, das Erfassen, die Organisation, das Ordnen, die Aufbewahrung, die Anpassung oder die Ver\u00e4nderung. Extraktion, Konsultation, Nutzung, Kommunikation durch \u00dcbermittlung, Verbreitung oder jede andere Form der Bereitstellung, Vergleich oder Verkn\u00fcpfung, Einschr\u00e4nkung, L\u00f6schung oder Zerst\u00f6rung;<br \/>f) \u201eDatenverantwortlicher\u201c: La Bottega del Pianoforte SA \u2013 via Cantonale, 65 \u2013 Bironico \u2013 6804<\/p>\n<p><br \/><strong>2. Kategorien der verarbeiteten personenbezogenen Daten<\/strong><br \/>Im Rahmen seiner T\u00e4tigkeit verarbeitet das Unternehmen die folgenden Kategorien personenbezogener Daten:<br \/>a) gew\u00f6hnliche personenbezogene Daten, insbesondere: Personen- und Kontaktdaten (insbesondere: Vor- und Nachname, Geburtsdatum, Staatsangeh\u00f6rigkeit, private und berufliche Adressen, Telefonnummern, beruflich, sowohl Festnetz als auch Mobilfunk, E-Mail-Adressen, Beruf , Arbeitgeber), Abrechnungsdaten, Buchhaltungsdaten;<\/p>\n<p><br \/><strong>3. Zwecke und Rechtsgrundlagen der Datenverarbeitung<\/strong><br \/>Personenbezogene Daten werden vom Unternehmen zu folgenden Zwecken verarbeitet:<\/p>\n<p><br \/><strong>3.1. Zwecke, die sich aus gesetzlichen Verpflichtungen ergeben<\/strong><br \/>Die Erhebung bestimmter personenbezogener Daten (insbesondere Name, Nachname, Adresse, Geburtsort und Geburtsdatum) erfolgt in Erf\u00fcllung der Verpflichtungen, die sich aus Gesetzen, Verordnungen und Branchenvorschriften ergeben.<br \/>Die verfolgten Ziele sind:<br \/>a) Verwaltung der administrativen, buchhalterischen und steuerlichen Pflichten.<br \/>F\u00fcr Behandlungen, die diesen Zwecken dienen, betr\u00e4gt die Aufbewahrungsfrist personenbezogener Daten 10 Jahre ab Beendigung des Vertragsverh\u00e4ltnisses.<br \/>Die Bereitstellung der hierf\u00fcr erforderlichen personenbezogenen Daten ist nicht verpflichtend. Der Interessent hat daher das Recht, sie nicht zur Verf\u00fcgung zu stellen. Diese Weigerung kann jedoch die Verwaltung und\/oder Fortsetzung des Vertragsverh\u00e4ltnisses oder die Ausf\u00fchrung der von ihm angeordneten Arbeiten gef\u00e4hrden.<br \/>Die verfolgten Ziele sind:<br \/>a) ein Vertragsverh\u00e4ltnis mit dem Unternehmen aufzubauen und die korrekte Ausf\u00fchrung des damit verbundenen Vorgangs sicherzustellen;<br \/>c) die Abrechnungsbeziehung f\u00fcr die dem Interessenten erbrachten Dienstleistungen und die damit verbundenen Kosten verwalten;<br \/>d) Bereitstellung von Kundensupportaktivit\u00e4ten<br \/>F\u00fcr Behandlungen, die diesen Zwecken dienen, betr\u00e4gt die Aufbewahrungsfrist f\u00fcr personenbezogene Daten 10 Jahre ab Beendigung des Vertragsverh\u00e4ltnisses (entsprechend der ordentlichen Verj\u00e4hrungsfrist).<\/p>\n<p><strong>3.2. Die verfolgten Zwecke basieren auf der Einwilligung des Interessenten und der Dauer<\/strong><br \/>Vorbehaltlich der Einwilligung und des Widerspruchs beh\u00e4lt sich das Unternehmen das Recht vor, personenbezogene Daten seiner Kunden zu Zwecken des Direktmarketings zu verarbeiten, insbesondere in Bezug auf Newsletter, Informationsmaterial, Umfragen zum Grad der Zufriedenheit, kommerzielles und Werbematerial oder \u00c4hnliches Veranstaltungen und Initiativen. Das Unternehmen f\u00fchrt diese Aktivit\u00e4ten nicht in Bezug auf Interessenten durch, die m\u00f6glicherweise einem Profiling im Anschluss an eine Verhaltens\u00fcberwachung unterliegen und deren Daten, sofern erhoben, nur f\u00fcr allgemeine Analysen \u00fcber die Herkunft der Kontakte und die Art der interessierenden Dienstleistungen verwendet werden.<br \/>Die Verarbeitung erfolgt automatisiert, per E-Mail, Telefonanrufen \u00fcber Vermittlungsstellen, Textnachrichten und Papierpost unter Verwendung der folgenden personenbezogenen Daten: Vorname, Nachname, Privatadresse, Telefonnummer, Faxnummer, E-Mail-Adresse.<br \/>Bei Behandlungen, die diesen Zwecken dienen, gilt die Aufbewahrungsfrist f\u00fcr personenbezogene Daten f\u00fcr die Dauer des Mandats und endet sp\u00e4testens 3 Jahre nach Beendigung des Vertragsverh\u00e4ltnisses<br \/>Hauptvertrag oder die angeforderte Dienstleistung (zum Beispiel: Newsletter).<br \/>Die Bereitstellung der Daten ist freiwillig, auch wenn sie f\u00fcr die Umsetzung dieses Zwecks erforderlich ist. Eine Nichtbereitstellung der Daten macht es daher unm\u00f6glich, die betroffene Person f\u00fcr Direktmarketing-Initiativen zu kontaktieren.<\/p>\n<p><strong>4. Kategorien von Empf\u00e4ngern, denen die Daten mitgeteilt werden k\u00f6nnen<\/strong><br \/>In jedem Fall wird Folgendes angegeben:<br \/>a) Das Unternehmen \u00fcbermittelt personenbezogene Daten nicht ausserhalb der Schweiz, es sei denn, dies geschieht aufgrund einer gesetzlichen Verpflichtung oder wenn dies zur Erf\u00fcllung eines eventuell mit dem Interessenten geschlossenen Vertrages bzw. auf dessen Anweisung hin erforderlich ist;<br \/>b) Es ist keine Form der Verbreitung der gesammelten Daten an unbestimmte Personen vorgesehen.<\/p>\n<p><strong>5. Methoden der Datenverarbeitung<\/strong><br \/>Die vom Interessenten bereitgestellten Daten k\u00f6nnen automatisch, manuell oder mithilfe elektronischer oder telematischer Hilfsmittel verarbeitet werden, die jedoch mit Verfahren und Systemen ausgestattet sind, die zur Gew\u00e4hrleistung der Sicherheit und Vertraulichkeit gem\u00e4\u00df den geltenden Vorschriften geeignet sind.<br \/>Die betreffenden Daten k\u00f6nnen zudem sowohl in Papierform als auch in elektronischer Form archiviert und gespeichert werden. Unter vollst\u00e4ndiger Wahrung der Sicherheits- und Vertraulichkeitsgarantien k\u00f6nnen personenbezogene Daten gem\u00e4\u00df den geltenden gesetzlichen Bestimmungen auf Servern in der Schweiz gespeichert werden.<br \/>Eine Kopie der Daten kann angefordert werden, indem Sie sich schriftlich an den Datenverantwortlichen wenden, indem Sie an die E-Mail-Adresse bottegapianoforte@bluewin.ch oder an den Sitz des Unternehmens schreiben.<\/p>\n<p><strong>6. \u00dcbermittlung personenbezogener Daten in L\u00e4nder au\u00dferhalb der Europ\u00e4ischen Union bzw. des Europ\u00e4ischen Wirtschaftsraums<\/strong><br \/>Es wird davon ausgegangen, dass die \u00dcbermittlung der Daten ins Ausland ausschlie\u00dflich aufgrund einer gesetzlichen Verpflichtung erfolgt oder wenn dies zur Erf\u00fcllung eines etwaigen mit dem Interessenten geschlossenen Vertrages bzw. auf dessen Weisung erforderlich ist.<br \/>Die Daten\u00fcbermittlung kann insbesondere erfolgen, wenn dies f\u00fcr die Ausf\u00fchrung eines zwischen dem Interessenten und dem Verantwortlichen geschlossenen Vertrags oder f\u00fcr die Durchf\u00fchrung vorvertraglicher Ma\u00dfnahmen, die auf Wunsch des Interessenten getroffen werden, erforderlich ist; oder wenn die \u00dcbermittlung f\u00fcr den Abschluss oder die Ausf\u00fchrung eines Vertrags zwischen dem Verantwortlichen und einer anderen nat\u00fcrlichen oder juristischen Person zugunsten des Interessenten erforderlich ist; oder die \u00dcbermittlung aus wichtigen Gr\u00fcnden des \u00f6ffentlichen Interesses erforderlich ist; oder die \u00dcbermittlung zur Geltendmachung, Aus\u00fcbung oder Verteidigung von Rechtsanspr\u00fcchen erforderlich ist; oder die \u00dcbermittlung zum Schutz lebenswichtiger Interessen der betroffenen Person oder anderer Personen erforderlich ist, wenn die betroffene Person aus k\u00f6rperlichen oder rechtlichen Gr\u00fcnden nicht in der Lage ist, eine Einwilligung zu erteilen; oder die \u00dcbermittlung erfolgt aus einem Register, das nach dem Recht der Union oder der Mitgliedstaaten der Information der \u00d6ffentlichkeit dient und sowohl von der Allgemeinheit als auch von jedem, der ein berechtigtes Interesse nachweisen kann, eingesehen werden kann, nur unter der Voraussetzung, dass die Voraussetzungen daf\u00fcr erf\u00fcllt sind Die im Recht der Union oder der Mitgliedstaaten vorgesehenen Konsultationen werden eingehalten.<\/p>\n<div class=\"page\" title=\"Page 4\">\n<div class=\"layoutArea\">\n<div class=\"column\">\n<p><strong>7. Rechte des Interessenten<\/strong><br \/>Nur die Kunst. Gem\u00e4\u00df Art. 8 BDSG haben die Interessenten das Recht, die Richtigkeit ihrer personenbezogenen Daten zu \u00fcberpr\u00fcfen sowie diese \u00e4ndern, berichtigen und\/oder aktualisieren zu lassen. Auf schriftlichen Antrag haben Interessenten das Recht, Auskunft dar\u00fcber zu erhalten, ob und in welcher Weise sie betreffende personenbezogene Daten verarbeitet werden. Interessenten haben au\u00dferdem das Recht, ihre Einwilligung zur Verarbeitung personenbezogener Daten zu widerrufen. In bestimmten F\u00e4llen kann der Zugriff auf die Daten verweigert werden, wenn dies gesetzlich vorgeschrieben ist.<br \/>Betroffene Personen haben das Recht, sich beim Bundesdatenschutzbeauftragten (\u201eBundesbeauftragter\u201c) datenschutzrechtlich beraten zu lassen sowie eine rechtswidrige Verarbeitung zum Zwecke der Intervention anzuzeigen, wenn: a. Es gibt Behandlungsmethoden, die die Pers\u00f6nlichkeit einer betr\u00e4chtlichen Anzahl von Menschen beeintr\u00e4chtigen k\u00f6nnen (Systemfehler). B. Datendateien m\u00fcssen registriert werden (Art. 11a DSG); C. Es besteht eine Informationspflicht gem\u00e4\u00df Art. 6 Abs. 3 DSG.<br \/>F\u00fcr den Fall, dass die Verarbeitung personenbezogener Daten der DSGVO im Rahmen eines Profilings zur \u00dcberwachung gem\u00e4\u00df Art. 3 Abs. 2 lit. b DSGVO kann der Interessent seine in den Artikeln zum Ausdruck kommenden Rechte geltend machen 15, 16, 17, 18, 19, 20, 21, 22 DSGVO. Interessenten haben das Recht, vom Datenverantwortlichen im gesetzlich vorgesehenen Umfang freien Zugang zu den sie betreffenden Daten, deren L\u00f6schung, die Berichtigung unrichtiger Daten, die Erg\u00e4nzung unvollst\u00e4ndiger Daten, die Beschr\u00e4nkung der Verarbeitung auf die reine Aufbewahrung usw. zu verlangen Widerspruch gegen die Behandlung, L\u00f6schung (Recht auf Vergessenwerden) und \u00dcbertragbarkeit der sie betreffenden Daten. F\u00fcr den Fall, dass die Verarbeitung auf einer Einwilligung oder einem Vertrag beruht und mit automatisierten Werkzeugen durchgef\u00fchrt wird, haben die interessierten Parteien das Recht, die Daten kostenlos in einem strukturierten Format zu erhalten, das allgemein verwendet und von einem automatischen Ger\u00e4t gelesen werden kann. sowie, sofern technisch machbar, diese ungehindert an einen anderen Inhaber zu \u00fcbermitteln.<br \/>Interessenten haben das Recht, eine erteilte Einwilligung gem\u00e4\u00df Art. 6 zu widerrufen. 6, Absatz 1, Buchstabe a) oder der Kunst. 9, Absatz 2, Buchstabe a) der DSGVO, ohne dass dieser Widerruf die Rechtm\u00e4\u00dfigkeit der Behandlung ber\u00fchrt, die auf derselben Einwilligung beruht, die vor dem Widerruf erteilt wurde. Interessierte Parteien haben das Recht, eine Beschwerde bei der zust\u00e4ndigen Aufsichtsbeh\u00f6rde in dem Mitgliedstaat einzureichen, in dem sie gew\u00f6hnlich wohnen oder arbeiten, oder in dem Staat, in dem der mutma\u00dfliche Versto\u00df stattgefunden hat.<br \/>Unabh\u00e4ngig von der Referenzgesetzgebung muss die Aus\u00fcbung der Rechte durch schriftliche Mitteilung an den Datenverantwortlichen erfolgen, der unter der E-Mail-Adresse bottegapianoforte@bluewin.ch oder schriftlich an die Adresse des Firmensitzes kontaktiert werden kann.<\/p>\n<p><strong>8. Eigent\u00fcmer \/ RDP \/ Personen, die zur Verarbeitung berechtigt sind<\/strong><br \/>Der Datenverantwortliche ist La Bottega del Pianoforte SA \u2013 via Cantonale, 65 \u2013 Bironico \u2013 6804.<br \/>Telefon: 091 922 91 41<br \/>Mail: info@mbdigitalinnovation.ch<br \/>Zur Datenverarbeitung berechtigte Personen gem\u00e4\u00df Art. 29 der DSGVO sind die Mitarbeiter und Mitarbeiter des Unternehmens, die die Daten unter Einhaltung der in den geltenden Vorschriften auferlegten Grunds\u00e4tze der Vertraulichkeit und Sicherheit verarbeiten.<br \/><br \/><strong>10. Haftungsausschluss<\/strong><br \/>Diese Offenlegung wurde am 24. August 2023 erstellt. Sie soll ihre Aktivit\u00e4ten im Zusammenhang mit dem Datenschutz veranschaulichen, stellt jedoch kein ersch\u00f6pfendes oder verbindliches Dokument dar, mit dem Vorbehalt, das Dokument jederzeit zu \u00e4ndern, wenn La Bottega del Pianoforte SA dies f\u00fcr erforderlich h\u00e4lt geeignet.<\/p>\n<\/div>\n<\/div>\n<\/div>\n<\/div>\n<\/div>\n<\/div>\t\t\t\t\t\t<\/div>\n\t\t\t\t<\/div>\n\t\t\t\t\t<\/div>\n\t\t\t\t<\/div>\n\t\t\t\t<\/div>\n\t\t","protected":false},"excerpt":{"rendered":"<p>Datenschutzerkl\u00e4rung Wir informieren Sie gem\u00e4\u00df \u00a7 4 Abs. 1 lit. 5 des Bundesdatenschutzgesetzes (BDSG) und ggf. des Art. 5, 13 und 14 der Europ\u00e4ischen Verordnung (EU) 2016\/679 (DSGVO), dass die im Rahmen unserer T\u00e4tigkeit bereitgestellten oder anderweitig erhobenen personenbezogenen Daten unter Einhaltung der in den oben genannten Verordnungen dargelegten Grunds\u00e4tze verarbeitet werden strenge Geheimhaltungspflichten, denen [&hellip;]<\/p>\n","protected":false},"author":1,"featured_media":0,"parent":0,"menu_order":0,"comment_status":"closed","ping_status":"closed","template":"","meta":{"_acf_changed":false,"footnotes":""},"class_list":["post-1099","page","type-page","status-publish","hentry"],"acf":[],"yoast_head":"<!-- This site is optimized with the Yoast SEO plugin v22.3 - https:\/\/yoast.com\/wordpress\/plugins\/seo\/ -->\n<title>Privacy Policy - LA BOTTEGA DEL PIANOFORTE<\/title>\n<meta name=\"robots\" content=\"noindex, nofollow\" \/>\n<meta property=\"og:locale\" content=\"de_DE\" \/>\n<meta property=\"og:type\" content=\"article\" \/>\n<meta property=\"og:title\" content=\"Privacy Policy - LA BOTTEGA DEL PIANOFORTE\" \/>\n<meta property=\"og:description\" content=\"Datenschutzerkl\u00e4rung Wir informieren Sie gem\u00e4\u00df \u00a7 4 Abs. 1 lit. 5 des Bundesdatenschutzgesetzes (BDSG) und ggf. des Art. 5, 13 und 14 der Europ\u00e4ischen Verordnung (EU) 2016\/679 (DSGVO), dass die im Rahmen unserer T\u00e4tigkeit bereitgestellten oder anderweitig erhobenen personenbezogenen Daten unter Einhaltung der in den oben genannten Verordnungen dargelegten Grunds\u00e4tze verarbeitet werden strenge Geheimhaltungspflichten, denen [&hellip;]\" \/>\n<meta property=\"og:url\" content=\"https:\/\/bottegapianoforte.ch\/de\/privacy-policy\/\" \/>\n<meta property=\"og:site_name\" content=\"LA BOTTEGA DEL PIANOFORTE\" \/>\n<meta property=\"article:modified_time\" content=\"2023-08-24T07:39:00+00:00\" \/>\n<meta property=\"og:image\" content=\"https:\/\/bottegapianoforte.ch\/wp-content\/uploads\/2023\/08\/logo-1200-675.jpg\" \/>\n\t<meta property=\"og:image:width\" content=\"1200\" \/>\n\t<meta property=\"og:image:height\" content=\"675\" \/>\n\t<meta property=\"og:image:type\" content=\"image\/jpeg\" \/>\n<meta name=\"twitter:card\" content=\"summary_large_image\" \/>\n<meta name=\"twitter:label1\" content=\"Gesch\u00e4tzte Lesezeit\" \/>\n\t<meta name=\"twitter:data1\" content=\"10\u00a0Minuten\" \/>\n<script type=\"application\/ld+json\" class=\"yoast-schema-graph\">{\"@context\":\"https:\/\/schema.org\",\"@graph\":[{\"@type\":\"WebPage\",\"@id\":\"https:\/\/bottegapianoforte.ch\/de\/privacy-policy\/\",\"url\":\"https:\/\/bottegapianoforte.ch\/de\/privacy-policy\/\",\"name\":\"Privacy Policy - LA BOTTEGA DEL PIANOFORTE\",\"isPartOf\":{\"@id\":\"https:\/\/bottegapianoforte.ch\/#website\"},\"datePublished\":\"2023-06-22T08:26:39+00:00\",\"dateModified\":\"2023-08-24T07:39:00+00:00\",\"breadcrumb\":{\"@id\":\"https:\/\/bottegapianoforte.ch\/de\/privacy-policy\/#breadcrumb\"},\"inLanguage\":\"de\",\"potentialAction\":[{\"@type\":\"ReadAction\",\"target\":[\"https:\/\/bottegapianoforte.ch\/de\/privacy-policy\/\"]}]},{\"@type\":\"BreadcrumbList\",\"@id\":\"https:\/\/bottegapianoforte.ch\/de\/privacy-policy\/#breadcrumb\",\"itemListElement\":[{\"@type\":\"ListItem\",\"position\":1,\"name\":\"Home\",\"item\":\"https:\/\/bottegapianoforte.ch\/de\/\"},{\"@type\":\"ListItem\",\"position\":2,\"name\":\"Privacy Policy\"}]},{\"@type\":\"WebSite\",\"@id\":\"https:\/\/bottegapianoforte.ch\/#website\",\"url\":\"https:\/\/bottegapianoforte.ch\/\",\"name\":\"LA BOTTEGA DEL PIANOFORTE\",\"description\":\"LA BOTTEGA DEL PIANOFORTE\",\"alternateName\":\"LA BOTTEGA DEL PIANOFORTE\",\"potentialAction\":[{\"@type\":\"SearchAction\",\"target\":{\"@type\":\"EntryPoint\",\"urlTemplate\":\"https:\/\/bottegapianoforte.ch\/?s={search_term_string}\"},\"query-input\":\"required name=search_term_string\"}],\"inLanguage\":\"de\"}]}<\/script>\n<!-- \/ Yoast SEO plugin. -->","yoast_head_json":{"title":"Privacy Policy - LA BOTTEGA DEL PIANOFORTE","robots":{"index":"noindex","follow":"nofollow"},"og_locale":"de_DE","og_type":"article","og_title":"Privacy Policy - LA BOTTEGA DEL PIANOFORTE","og_description":"Datenschutzerkl\u00e4rung Wir informieren Sie gem\u00e4\u00df \u00a7 4 Abs. 1 lit. 5 des Bundesdatenschutzgesetzes (BDSG) und ggf. des Art. 5, 13 und 14 der Europ\u00e4ischen Verordnung (EU) 2016\/679 (DSGVO), dass die im Rahmen unserer T\u00e4tigkeit bereitgestellten oder anderweitig erhobenen personenbezogenen Daten unter Einhaltung der in den oben genannten Verordnungen dargelegten Grunds\u00e4tze verarbeitet werden strenge Geheimhaltungspflichten, denen [&hellip;]","og_url":"https:\/\/bottegapianoforte.ch\/de\/privacy-policy\/","og_site_name":"LA BOTTEGA DEL PIANOFORTE","article_modified_time":"2023-08-24T07:39:00+00:00","og_image":[{"width":1200,"height":675,"url":"https:\/\/bottegapianoforte.ch\/wp-content\/uploads\/2023\/08\/logo-1200-675.jpg","type":"image\/jpeg"}],"twitter_card":"summary_large_image","twitter_misc":{"Gesch\u00e4tzte Lesezeit":"10\u00a0Minuten"},"schema":{"@context":"https:\/\/schema.org","@graph":[{"@type":"WebPage","@id":"https:\/\/bottegapianoforte.ch\/de\/privacy-policy\/","url":"https:\/\/bottegapianoforte.ch\/de\/privacy-policy\/","name":"Privacy Policy - LA BOTTEGA DEL PIANOFORTE","isPartOf":{"@id":"https:\/\/bottegapianoforte.ch\/#website"},"datePublished":"2023-06-22T08:26:39+00:00","dateModified":"2023-08-24T07:39:00+00:00","breadcrumb":{"@id":"https:\/\/bottegapianoforte.ch\/de\/privacy-policy\/#breadcrumb"},"inLanguage":"de","potentialAction":[{"@type":"ReadAction","target":["https:\/\/bottegapianoforte.ch\/de\/privacy-policy\/"]}]},{"@type":"BreadcrumbList","@id":"https:\/\/bottegapianoforte.ch\/de\/privacy-policy\/#breadcrumb","itemListElement":[{"@type":"ListItem","position":1,"name":"Home","item":"https:\/\/bottegapianoforte.ch\/de\/"},{"@type":"ListItem","position":2,"name":"Privacy Policy"}]},{"@type":"WebSite","@id":"https:\/\/bottegapianoforte.ch\/#website","url":"https:\/\/bottegapianoforte.ch\/","name":"LA BOTTEGA DEL PIANOFORTE","description":"LA BOTTEGA DEL PIANOFORTE","alternateName":"LA BOTTEGA DEL PIANOFORTE","potentialAction":[{"@type":"SearchAction","target":{"@type":"EntryPoint","urlTemplate":"https:\/\/bottegapianoforte.ch\/?s={search_term_string}"},"query-input":"required name=search_term_string"}],"inLanguage":"de"}]}},"_links":{"self":[{"href":"https:\/\/bottegapianoforte.ch\/de\/wp-json\/wp\/v2\/pages\/1099","targetHints":{"allow":["GET"]}}],"collection":[{"href":"https:\/\/bottegapianoforte.ch\/de\/wp-json\/wp\/v2\/pages"}],"about":[{"href":"https:\/\/bottegapianoforte.ch\/de\/wp-json\/wp\/v2\/types\/page"}],"author":[{"embeddable":true,"href":"https:\/\/bottegapianoforte.ch\/de\/wp-json\/wp\/v2\/users\/1"}],"replies":[{"embeddable":true,"href":"https:\/\/bottegapianoforte.ch\/de\/wp-json\/wp\/v2\/comments?post=1099"}],"version-history":[{"count":4,"href":"https:\/\/bottegapianoforte.ch\/de\/wp-json\/wp\/v2\/pages\/1099\/revisions"}],"predecessor-version":[{"id":1300,"href":"https:\/\/bottegapianoforte.ch\/de\/wp-json\/wp\/v2\/pages\/1099\/revisions\/1300"}],"wp:attachment":[{"href":"https:\/\/bottegapianoforte.ch\/de\/wp-json\/wp\/v2\/media?parent=1099"}],"curies":[{"name":"wp","href":"https:\/\/api.w.org\/{rel}","templated":true}]}}