{"id":1093,"date":"2023-06-22T14:50:40","date_gmt":"2023-06-22T12:50:40","guid":{"rendered":"https:\/\/bottegapianoforte.ch\/labor\/"},"modified":"2023-08-23T07:11:00","modified_gmt":"2023-08-23T05:11:00","slug":"labor","status":"publish","type":"page","link":"https:\/\/bottegapianoforte.ch\/de\/labor\/","title":{"rendered":"Labor"},"content":{"rendered":"\t\t<div data-elementor-type=\"wp-page\" data-elementor-id=\"1093\" class=\"elementor elementor-1093 elementor-48\" data-elementor-post-type=\"page\">\n\t\t\t\t<div class=\"elementor-element elementor-element-1a973cd e-flex e-con-boxed e-con e-parent\" data-id=\"1a973cd\" data-element_type=\"container\" data-settings=\"{&quot;background_background&quot;:&quot;slideshow&quot;,&quot;background_slideshow_gallery&quot;:[{&quot;id&quot;:246,&quot;url&quot;:&quot;https:\\\/\\\/bottegapianoforte.ch\\\/wp-content\\\/uploads\\\/2023\\\/06\\\/46d6b7_9482c294a4ce44edab36465df4a36f0a-scaled.webp&quot;},{&quot;id&quot;:247,&quot;url&quot;:&quot;https:\\\/\\\/bottegapianoforte.ch\\\/wp-content\\\/uploads\\\/2023\\\/06\\\/46d6b7_75963d50d9e646508bd11d109d6856e2-scaled.webp&quot;},{&quot;id&quot;:245,&quot;url&quot;:&quot;https:\\\/\\\/bottegapianoforte.ch\\\/wp-content\\\/uploads\\\/2023\\\/06\\\/46d6b7_80a448cc71234b77a6b9becdfa34e811-scaled.webp&quot;}],&quot;shape_divider_bottom&quot;:&quot;curve-asymmetrical&quot;,&quot;shape_divider_bottom_negative&quot;:&quot;yes&quot;,&quot;background_slideshow_transition_duration&quot;:1500,&quot;background_slideshow_ken_burns&quot;:&quot;yes&quot;,&quot;background_slideshow_loop&quot;:&quot;yes&quot;,&quot;background_slideshow_slide_duration&quot;:5000,&quot;background_slideshow_slide_transition&quot;:&quot;fade&quot;,&quot;background_slideshow_ken_burns_zoom_direction&quot;:&quot;in&quot;}\" data-core-v316-plus=\"true\">\n\t\t\t\t\t<div class=\"e-con-inner\">\n\t\t\t\t<div class=\"elementor-shape elementor-shape-bottom\" data-negative=\"true\">\n\t\t\t<svg xmlns=\"http:\/\/www.w3.org\/2000\/svg\" viewBox=\"0 0 1000 100\" preserveAspectRatio=\"none\">\n\t<path class=\"elementor-shape-fill\" d=\"M615.2,96.7C240.2,97.8,0,18.9,0,0v100h1000V0C1000,19.2,989.8,96,615.2,96.7z\"\/>\n<\/svg>\t\t<\/div>\n\t\t\t\t<div class=\"elementor-element elementor-element-cd1ec24 animated-slow elementor-invisible elementor-widget elementor-widget-heading\" data-id=\"cd1ec24\" data-element_type=\"widget\" data-settings=\"{&quot;_animation&quot;:&quot;fadeIn&quot;}\" data-widget_type=\"heading.default\">\n\t\t\t\t<div class=\"elementor-widget-container\">\n\t\t\t<style>\/*! elementor - v3.20.0 - 13-03-2024 *\/\n.elementor-heading-title{padding:0;margin:0;line-height:1}.elementor-widget-heading .elementor-heading-title[class*=elementor-size-]>a{color:inherit;font-size:inherit;line-height:inherit}.elementor-widget-heading .elementor-heading-title.elementor-size-small{font-size:15px}.elementor-widget-heading .elementor-heading-title.elementor-size-medium{font-size:19px}.elementor-widget-heading .elementor-heading-title.elementor-size-large{font-size:29px}.elementor-widget-heading .elementor-heading-title.elementor-size-xl{font-size:39px}.elementor-widget-heading .elementor-heading-title.elementor-size-xxl{font-size:59px}<\/style><h2 class=\"elementor-heading-title elementor-size-default\">Labor<\/h2>\t\t<\/div>\n\t\t\t\t<\/div>\n\t\t\t\t<div class=\"elementor-element elementor-element-a73a2ce elementor-widget elementor-widget-heading\" data-id=\"a73a2ce\" data-element_type=\"widget\" data-widget_type=\"heading.default\">\n\t\t\t\t<div class=\"elementor-widget-container\">\n\t\t\t<h2 class=\"elementor-heading-title elementor-size-default\">Labor<\/h2>\t\t<\/div>\n\t\t\t\t<\/div>\n\t\t\t\t\t<\/div>\n\t\t\t\t<\/div>\n\t\t<div class=\"elementor-element elementor-element-517f35f e-flex e-con-boxed e-con e-parent\" data-id=\"517f35f\" data-element_type=\"container\" data-core-v316-plus=\"true\">\n\t\t\t\t\t<div class=\"e-con-inner\">\n\t\t\t\t<div class=\"elementor-element elementor-element-a040f02 elementor-widget elementor-widget-text-editor\" data-id=\"a040f02\" data-element_type=\"widget\" data-widget_type=\"text-editor.default\">\n\t\t\t\t<div class=\"elementor-widget-container\">\n\t\t\t<style>\/*! elementor - v3.20.0 - 13-03-2024 *\/\n.elementor-widget-text-editor.elementor-drop-cap-view-stacked .elementor-drop-cap{background-color:#69727d;color:#fff}.elementor-widget-text-editor.elementor-drop-cap-view-framed .elementor-drop-cap{color:#69727d;border:3px solid;background-color:transparent}.elementor-widget-text-editor:not(.elementor-drop-cap-view-default) .elementor-drop-cap{margin-top:8px}.elementor-widget-text-editor:not(.elementor-drop-cap-view-default) .elementor-drop-cap-letter{width:1em;height:1em}.elementor-widget-text-editor .elementor-drop-cap{float:left;text-align:center;line-height:1;font-size:50px}.elementor-widget-text-editor .elementor-drop-cap-letter{display:inline-block}<\/style>\t\t\t\t<p>Das gr\u00f6sste Labor im Tessin.<\/p>\n\t\t\t\t\t\t<\/div>\n\t\t\t\t<\/div>\n\t\t\t\t<div class=\"elementor-element elementor-element-b87ca66 elementor-widget elementor-widget-text-editor\" data-id=\"b87ca66\" data-element_type=\"widget\" data-widget_type=\"text-editor.default\">\n\t\t\t\t<div class=\"elementor-widget-container\">\n\t\t\t\t\t\t\tNicht alle alten und vernachl\u00e4ssigten Tasteninstrumente m\u00fcssen f\u00fcr immer schweigen. Mit einer fachgerechten \u00dcberholung (Restaurierung) erwecken wir Ihre Klaviere wieder zum Leben.\nMechanische und harmonische Eingriffe sowie Lackierungen und Polituren werden von uns mit der gebotenen Sorgfalt durchgef\u00fchrt. F\u00fcr Begutachtungen und Ausk\u00fcnfte stehen Ihnen unsere Techniker gerne zur Verf\u00fcgung.\t\t\t\t\t\t<\/div>\n\t\t\t\t<\/div>\n\t\t<div class=\"elementor-element elementor-element-2c59066 elementor-hidden-mobile e-flex e-con-boxed e-con e-parent\" data-id=\"2c59066\" data-element_type=\"container\" data-core-v316-plus=\"true\">\n\t\t\t\t\t<div class=\"e-con-inner\">\n\t\t\t\t\t<\/div>\n\t\t\t\t<\/div>\n\t\t\t\t\t<\/div>\n\t\t\t\t<\/div>\n\t\t<div class=\"elementor-element elementor-element-3c874fc e-con-full e-flex e-con e-parent\" data-id=\"3c874fc\" data-element_type=\"container\" data-settings=\"{&quot;background_background&quot;:&quot;classic&quot;,&quot;shape_divider_top&quot;:&quot;curve-asymmetrical&quot;,&quot;shape_divider_top_negative&quot;:&quot;yes&quot;,&quot;shape_divider_bottom&quot;:&quot;curve-asymmetrical&quot;,&quot;shape_divider_bottom_negative&quot;:&quot;yes&quot;}\" data-core-v316-plus=\"true\">\n\t\t\t\t<div class=\"elementor-shape elementor-shape-top\" data-negative=\"true\">\n\t\t\t<svg xmlns=\"http:\/\/www.w3.org\/2000\/svg\" viewBox=\"0 0 1000 100\" preserveAspectRatio=\"none\">\n\t<path class=\"elementor-shape-fill\" d=\"M615.2,96.7C240.2,97.8,0,18.9,0,0v100h1000V0C1000,19.2,989.8,96,615.2,96.7z\"\/>\n<\/svg>\t\t<\/div>\n\t\t\t\t<div class=\"elementor-shape elementor-shape-bottom\" data-negative=\"true\">\n\t\t\t<svg xmlns=\"http:\/\/www.w3.org\/2000\/svg\" viewBox=\"0 0 1000 100\" preserveAspectRatio=\"none\">\n\t<path class=\"elementor-shape-fill\" d=\"M615.2,96.7C240.2,97.8,0,18.9,0,0v100h1000V0C1000,19.2,989.8,96,615.2,96.7z\"\/>\n<\/svg>\t\t<\/div>\n\t\t<div class=\"elementor-element elementor-element-8d3ea77 e-flex e-con-boxed e-con e-parent\" data-id=\"8d3ea77\" data-element_type=\"container\" data-core-v316-plus=\"true\">\n\t\t\t\t\t<div class=\"e-con-inner\">\n\t\t\t\t<div class=\"elementor-element elementor-element-fa3a808 elementor-widget__width-initial elementor-widget elementor-widget-heading\" data-id=\"fa3a808\" data-element_type=\"widget\" data-widget_type=\"heading.default\">\n\t\t\t\t<div class=\"elementor-widget-container\">\n\t\t\t<h2 class=\"elementor-heading-title elementor-size-default\">Stimmen: eine Voraussetzung f\u00fcr eine gute Klaviergesundheit und mehr<\/h2>\t\t<\/div>\n\t\t\t\t<\/div>\n\t\t\t\t<div class=\"elementor-element elementor-element-6979102 elementor-widget elementor-widget-text-editor\" data-id=\"6979102\" data-element_type=\"widget\" data-widget_type=\"text-editor.default\">\n\t\t\t\t<div class=\"elementor-widget-container\">\n\t\t\t\t\t\t\t<p>Eine Abstimmung pro Jahr (vorzugsweise zwei) ist die beste Voraussetzung, um die Gesundheit des Instruments zu gew\u00e4hrleisten.<br \/>\u200b<br \/>Dank der Stimmung kennt der Tuner das Klavier in- und auswendig und kann bei Bedarf rechtzeitig eingreifen.<br \/>\u200b<br \/>Unsere Techniker (Tuner) sind in der Lage, Ihre W\u00fcnsche zu erf\u00fcllen<br \/>und beraten Sie bei Bedarf.<\/p>\n\t\t\t\t\t\t<\/div>\n\t\t\t\t<\/div>\n\t\t\t\t\t<\/div>\n\t\t\t\t<\/div>\n\t\t<div class=\"elementor-element elementor-element-288b703 e-flex e-con-boxed e-con e-parent\" data-id=\"288b703\" data-element_type=\"container\" data-core-v316-plus=\"true\">\n\t\t\t\t\t<div class=\"e-con-inner\">\n\t\t<div class=\"elementor-element elementor-element-dc59f61 e-con-full e-flex e-con e-parent\" data-id=\"dc59f61\" data-element_type=\"container\" data-core-v316-plus=\"true\">\n\t\t\t\t<div class=\"elementor-element elementor-element-ed87645 elementor--h-position-center elementor--v-position-middle elementor-arrows-position-inside elementor-pagination-position-inside elementor-widget elementor-widget-slides\" data-id=\"ed87645\" data-element_type=\"widget\" data-settings=\"{&quot;navigation&quot;:&quot;both&quot;,&quot;autoplay&quot;:&quot;yes&quot;,&quot;pause_on_hover&quot;:&quot;yes&quot;,&quot;pause_on_interaction&quot;:&quot;yes&quot;,&quot;autoplay_speed&quot;:5000,&quot;infinite&quot;:&quot;yes&quot;,&quot;transition&quot;:&quot;slide&quot;,&quot;transition_speed&quot;:500}\" data-widget_type=\"slides.default\">\n\t\t\t\t<div class=\"elementor-widget-container\">\n\t\t\t<style>\/*! elementor-pro - v3.20.0 - 11-03-2024 *\/\n.elementor-slides .swiper-slide-bg{background-size:cover;background-position:50%;background-repeat:no-repeat;min-width:100%;min-height:100%}.elementor-slides .swiper-slide-inner{background-repeat:no-repeat;background-position:50%;position:absolute;top:0;left:0;bottom:0;right:0;padding:50px;margin:auto}.elementor-slides .swiper-slide-inner,.elementor-slides .swiper-slide-inner:hover{color:#fff;display:flex}.elementor-slides .swiper-slide-inner .elementor-background-overlay{position:absolute;z-index:0;top:0;bottom:0;left:0;right:0}.elementor-slides .swiper-slide-inner .elementor-slide-content{position:relative;z-index:1;width:100%}.elementor-slides .swiper-slide-inner .elementor-slide-heading{font-size:35px;font-weight:700;line-height:1}.elementor-slides .swiper-slide-inner .elementor-slide-description{font-size:17px;line-height:1.4}.elementor-slides .swiper-slide-inner .elementor-slide-description:not(:last-child),.elementor-slides .swiper-slide-inner .elementor-slide-heading:not(:last-child){margin-bottom:30px}.elementor-slides .swiper-slide-inner .elementor-slide-button{border:2px solid #fff;color:#fff;background:transparent;display:inline-block}.elementor-slides .swiper-slide-inner .elementor-slide-button,.elementor-slides .swiper-slide-inner .elementor-slide-button:hover{background:transparent;color:inherit;text-decoration:none}.elementor--v-position-top .swiper-slide-inner{align-items:flex-start}.elementor--v-position-bottom .swiper-slide-inner{align-items:flex-end}.elementor--v-position-middle .swiper-slide-inner{align-items:center}.elementor--h-position-left .swiper-slide-inner{justify-content:flex-start}.elementor--h-position-right .swiper-slide-inner{justify-content:flex-end}.elementor--h-position-center .swiper-slide-inner{justify-content:center}body.rtl .elementor-widget-slides .elementor-swiper-button-next{left:10px;right:auto}body.rtl .elementor-widget-slides .elementor-swiper-button-prev{right:10px;left:auto}.elementor-slides-wrapper div:not(.swiper-slide)>.swiper-slide-inner{display:none}@media (max-width:767px){.elementor-slides .swiper-slide-inner{padding:30px}.elementor-slides .swiper-slide-inner .elementor-slide-heading{font-size:23px;line-height:1;margin-bottom:15px}.elementor-slides .swiper-slide-inner .elementor-slide-description{font-size:13px;line-height:1.4;margin-bottom:15px}}<\/style>\t\t<div class=\"elementor-swiper\">\n\t\t\t<div class=\"elementor-slides-wrapper elementor-main-swiper swiper\" dir=\"ltr\" data-animation=\"fadeInUp\">\n\t\t\t\t<div class=\"swiper-wrapper elementor-slides\">\n\t\t\t\t\t\t\t\t\t\t<div class=\"elementor-repeater-item-46062d4 swiper-slide\"><div class=\"swiper-slide-bg\" role=\"img\"><\/div><div class=\"swiper-slide-inner\" ><div class=\"swiper-slide-contents\"><\/div><\/div><\/div><div class=\"elementor-repeater-item-3ac1af0 swiper-slide\"><div class=\"swiper-slide-bg\" role=\"img\"><\/div><div class=\"swiper-slide-inner\" ><div class=\"swiper-slide-contents\"><\/div><\/div><\/div><div class=\"elementor-repeater-item-37e6e6a swiper-slide\"><div class=\"swiper-slide-bg\" role=\"img\"><\/div><div class=\"swiper-slide-inner\" ><div class=\"swiper-slide-contents\"><\/div><\/div><\/div>\t\t\t\t<\/div>\n\t\t\t\t\t\t\t\t\t\t\t\t\t\t\t<div class=\"swiper-pagination\"><\/div>\n\t\t\t\t\t\t\t\t\t\t\t\t\t\t\t\t<div class=\"elementor-swiper-button elementor-swiper-button-prev\" role=\"button\" tabindex=\"0\">\n\t\t\t\t\t\t\t<i aria-hidden=\"true\" class=\"eicon-chevron-left\"><\/i>\t\t\t\t\t\t\t<span class=\"elementor-screen-only\">Vorheriger Slide<\/span>\n\t\t\t\t\t\t<\/div>\n\t\t\t\t\t\t<div class=\"elementor-swiper-button elementor-swiper-button-next\" role=\"button\" tabindex=\"0\">\n\t\t\t\t\t\t\t<i aria-hidden=\"true\" class=\"eicon-chevron-right\"><\/i>\t\t\t\t\t\t\t<span class=\"elementor-screen-only\">N\u00e4chster Slide<\/span>\n\t\t\t\t\t\t<\/div>\n\t\t\t\t\t\t\t\t\t\t\t\t<\/div>\n\t\t<\/div>\n\t\t\t\t<\/div>\n\t\t\t\t<\/div>\n\t\t\t\t<\/div>\n\t\t\t\t\t<\/div>\n\t\t\t\t<\/div>\n\t\t\t\t<\/div>\n\t\t<div class=\"elementor-element elementor-element-77c3d69 e-flex e-con-boxed e-con e-parent\" data-id=\"77c3d69\" data-element_type=\"container\" data-core-v316-plus=\"true\">\n\t\t\t\t\t<div class=\"e-con-inner\">\n\t\t<div class=\"elementor-element elementor-element-8fa1100 e-flex e-con-boxed e-con e-parent\" data-id=\"8fa1100\" data-element_type=\"container\" data-core-v316-plus=\"true\">\n\t\t\t\t\t<div class=\"e-con-inner\">\n\t\t\t\t<div class=\"elementor-element elementor-element-168a44d elementor-widget elementor-widget-video\" data-id=\"168a44d\" data-element_type=\"widget\" data-settings=\"{&quot;video_type&quot;:&quot;hosted&quot;,&quot;controls&quot;:&quot;yes&quot;}\" data-widget_type=\"video.default\">\n\t\t\t\t<div class=\"elementor-widget-container\">\n\t\t\t<style>\/*! elementor - v3.20.0 - 13-03-2024 *\/\n.elementor-widget-video .elementor-widget-container{overflow:hidden;transform:translateZ(0)}.elementor-widget-video .elementor-wrapper{aspect-ratio:var(--video-aspect-ratio)}.elementor-widget-video .elementor-wrapper iframe,.elementor-widget-video .elementor-wrapper video{height:100%;width:100%;display:flex;border:none;background-color:#000}@supports not (aspect-ratio:1\/1){.elementor-widget-video .elementor-wrapper{position:relative;overflow:hidden;height:0;padding-bottom:calc(100% \/ var(--video-aspect-ratio))}.elementor-widget-video .elementor-wrapper iframe,.elementor-widget-video .elementor-wrapper video{position:absolute;top:0;right:0;bottom:0;left:0}}.elementor-widget-video .elementor-open-inline .elementor-custom-embed-image-overlay{position:absolute;top:0;right:0;bottom:0;left:0;background-size:cover;background-position:50%}.elementor-widget-video .elementor-custom-embed-image-overlay{cursor:pointer;text-align:center}.elementor-widget-video .elementor-custom-embed-image-overlay:hover .elementor-custom-embed-play i{opacity:1}.elementor-widget-video .elementor-custom-embed-image-overlay img{display:block;width:100%;aspect-ratio:var(--video-aspect-ratio);-o-object-fit:cover;object-fit:cover;-o-object-position:center center;object-position:center center}@supports not (aspect-ratio:1\/1){.elementor-widget-video .elementor-custom-embed-image-overlay{position:relative;overflow:hidden;height:0;padding-bottom:calc(100% \/ var(--video-aspect-ratio))}.elementor-widget-video .elementor-custom-embed-image-overlay img{position:absolute;top:0;right:0;bottom:0;left:0}}.elementor-widget-video .e-hosted-video .elementor-video{-o-object-fit:cover;object-fit:cover}.e-con-inner>.elementor-widget-video,.e-con>.elementor-widget-video{width:var(--container-widget-width);--flex-grow:var(--container-widget-flex-grow)}<\/style>\t\t<div class=\"e-hosted-video elementor-wrapper elementor-open-inline\">\n\t\t\t\t\t<video class=\"elementor-video\" src=\"https:\/\/bottegapianoforte.ch\/wp-content\/uploads\/2023\/06\/LABORATORIO-bottegapianoforte.mp4\" controls=\"\" preload=\"metadata\" controlsList=\"nodownload\"><\/video>\n\t\t\t\t<\/div>\n\t\t\t\t<\/div>\n\t\t\t\t<\/div>\n\t\t\t\t\t<\/div>\n\t\t\t\t<\/div>\n\t\t<div class=\"elementor-element elementor-element-44d155f e-flex e-con-boxed e-con e-parent\" data-id=\"44d155f\" data-element_type=\"container\" data-core-v316-plus=\"true\">\n\t\t\t\t\t<div class=\"e-con-inner\">\n\t\t\t\t<div class=\"elementor-element elementor-element-be665ea elementor-widget elementor-widget-video\" data-id=\"be665ea\" data-element_type=\"widget\" data-settings=\"{&quot;video_type&quot;:&quot;vimeo&quot;}\" data-widget_type=\"video.default\">\n\t\t\t\t<div class=\"elementor-widget-container\">\n\t\t\t\t\t<div class=\"elementor-wrapper elementor-open-inline\">\n\t\t\t<iframe class=\"elementor-video-iframe\" allowfullscreen allow=\"clipboard-write\" title=\"vimeo Video Player\" src=\"https:\/\/player.vimeo.com\/video\/162942818?color&amp;autopause=0&amp;loop=0&amp;muted=0&amp;title=1&amp;portrait=1&amp;byline=1&amp;h=25a3e8b902#t=\"><\/iframe>\t\t<\/div>\n\t\t\t\t<\/div>\n\t\t\t\t<\/div>\n\t\t\t\t\t<\/div>\n\t\t\t\t<\/div>\n\t\t\t\t\t<\/div>\n\t\t\t\t<\/div>\n\t\t\t\t<\/div>\n\t\t","protected":false},"excerpt":{"rendered":"<p>Labor Labor Das gr\u00f6sste Labor im Tessin. Nicht alle alten und vernachl\u00e4ssigten Tasteninstrumente m\u00fcssen f\u00fcr immer schweigen. Mit einer fachgerechten \u00dcberholung (Restaurierung) erwecken wir Ihre Klaviere wieder zum Leben. Mechanische und harmonische Eingriffe sowie Lackierungen und Polituren werden von uns mit der gebotenen Sorgfalt durchgef\u00fchrt. F\u00fcr Begutachtungen und Ausk\u00fcnfte stehen Ihnen unsere Techniker gerne zur [&hellip;]<\/p>\n","protected":false},"author":1,"featured_media":0,"parent":0,"menu_order":0,"comment_status":"closed","ping_status":"closed","template":"","meta":{"_acf_changed":false,"footnotes":""},"class_list":["post-1093","page","type-page","status-publish","hentry"],"acf":[],"yoast_head":"<!-- This site is optimized with the Yoast SEO plugin v22.3 - https:\/\/yoast.com\/wordpress\/plugins\/seo\/ -->\n<title>Labor - LA BOTTEGA DEL PIANOFORTE<\/title>\n<meta name=\"robots\" content=\"index, follow, max-snippet:-1, max-image-preview:large, max-video-preview:-1\" \/>\n<link rel=\"canonical\" href=\"https:\/\/bottegapianoforte.ch\/de\/labor\/\" \/>\n<meta property=\"og:locale\" content=\"de_DE\" \/>\n<meta property=\"og:type\" content=\"article\" \/>\n<meta property=\"og:title\" content=\"Labor - LA BOTTEGA DEL PIANOFORTE\" \/>\n<meta property=\"og:description\" content=\"Labor Labor Das gr\u00f6sste Labor im Tessin. Nicht alle alten und vernachl\u00e4ssigten Tasteninstrumente m\u00fcssen f\u00fcr immer schweigen. Mit einer fachgerechten \u00dcberholung (Restaurierung) erwecken wir Ihre Klaviere wieder zum Leben. Mechanische und harmonische Eingriffe sowie Lackierungen und Polituren werden von uns mit der gebotenen Sorgfalt durchgef\u00fchrt. F\u00fcr Begutachtungen und Ausk\u00fcnfte stehen Ihnen unsere Techniker gerne zur [&hellip;]\" \/>\n<meta property=\"og:url\" content=\"https:\/\/bottegapianoforte.ch\/de\/labor\/\" \/>\n<meta property=\"og:site_name\" content=\"LA BOTTEGA DEL PIANOFORTE\" \/>\n<meta property=\"article:modified_time\" content=\"2023-08-23T05:11:00+00:00\" \/>\n<meta property=\"og:image\" content=\"https:\/\/bottegapianoforte.ch\/wp-content\/uploads\/2023\/08\/logo-1200-675.jpg\" \/>\n\t<meta property=\"og:image:width\" content=\"1200\" \/>\n\t<meta property=\"og:image:height\" content=\"675\" \/>\n\t<meta property=\"og:image:type\" content=\"image\/jpeg\" \/>\n<meta name=\"twitter:card\" content=\"summary_large_image\" \/>\n<meta name=\"twitter:label1\" content=\"Gesch\u00e4tzte Lesezeit\" \/>\n\t<meta name=\"twitter:data1\" content=\"1\u00a0Minute\" \/>\n<script type=\"application\/ld+json\" class=\"yoast-schema-graph\">{\"@context\":\"https:\/\/schema.org\",\"@graph\":[{\"@type\":\"WebPage\",\"@id\":\"https:\/\/bottegapianoforte.ch\/de\/labor\/\",\"url\":\"https:\/\/bottegapianoforte.ch\/de\/labor\/\",\"name\":\"Labor - LA BOTTEGA DEL PIANOFORTE\",\"isPartOf\":{\"@id\":\"https:\/\/bottegapianoforte.ch\/#website\"},\"datePublished\":\"2023-06-22T12:50:40+00:00\",\"dateModified\":\"2023-08-23T05:11:00+00:00\",\"breadcrumb\":{\"@id\":\"https:\/\/bottegapianoforte.ch\/de\/labor\/#breadcrumb\"},\"inLanguage\":\"de\",\"potentialAction\":[{\"@type\":\"ReadAction\",\"target\":[\"https:\/\/bottegapianoforte.ch\/de\/labor\/\"]}]},{\"@type\":\"BreadcrumbList\",\"@id\":\"https:\/\/bottegapianoforte.ch\/de\/labor\/#breadcrumb\",\"itemListElement\":[{\"@type\":\"ListItem\",\"position\":1,\"name\":\"Home\",\"item\":\"https:\/\/bottegapianoforte.ch\/de\/\"},{\"@type\":\"ListItem\",\"position\":2,\"name\":\"Labor\"}]},{\"@type\":\"WebSite\",\"@id\":\"https:\/\/bottegapianoforte.ch\/#website\",\"url\":\"https:\/\/bottegapianoforte.ch\/\",\"name\":\"LA BOTTEGA DEL PIANOFORTE\",\"description\":\"LA BOTTEGA DEL PIANOFORTE\",\"alternateName\":\"LA BOTTEGA DEL PIANOFORTE\",\"potentialAction\":[{\"@type\":\"SearchAction\",\"target\":{\"@type\":\"EntryPoint\",\"urlTemplate\":\"https:\/\/bottegapianoforte.ch\/?s={search_term_string}\"},\"query-input\":\"required name=search_term_string\"}],\"inLanguage\":\"de\"}]}<\/script>\n<!-- \/ Yoast SEO plugin. -->","yoast_head_json":{"title":"Labor - LA BOTTEGA DEL PIANOFORTE","robots":{"index":"index","follow":"follow","max-snippet":"max-snippet:-1","max-image-preview":"max-image-preview:large","max-video-preview":"max-video-preview:-1"},"canonical":"https:\/\/bottegapianoforte.ch\/de\/labor\/","og_locale":"de_DE","og_type":"article","og_title":"Labor - LA BOTTEGA DEL PIANOFORTE","og_description":"Labor Labor Das gr\u00f6sste Labor im Tessin. Nicht alle alten und vernachl\u00e4ssigten Tasteninstrumente m\u00fcssen f\u00fcr immer schweigen. Mit einer fachgerechten \u00dcberholung (Restaurierung) erwecken wir Ihre Klaviere wieder zum Leben. Mechanische und harmonische Eingriffe sowie Lackierungen und Polituren werden von uns mit der gebotenen Sorgfalt durchgef\u00fchrt. F\u00fcr Begutachtungen und Ausk\u00fcnfte stehen Ihnen unsere Techniker gerne zur [&hellip;]","og_url":"https:\/\/bottegapianoforte.ch\/de\/labor\/","og_site_name":"LA BOTTEGA DEL PIANOFORTE","article_modified_time":"2023-08-23T05:11:00+00:00","og_image":[{"width":1200,"height":675,"url":"https:\/\/bottegapianoforte.ch\/wp-content\/uploads\/2023\/08\/logo-1200-675.jpg","type":"image\/jpeg"}],"twitter_card":"summary_large_image","twitter_misc":{"Gesch\u00e4tzte Lesezeit":"1\u00a0Minute"},"schema":{"@context":"https:\/\/schema.org","@graph":[{"@type":"WebPage","@id":"https:\/\/bottegapianoforte.ch\/de\/labor\/","url":"https:\/\/bottegapianoforte.ch\/de\/labor\/","name":"Labor - LA BOTTEGA DEL PIANOFORTE","isPartOf":{"@id":"https:\/\/bottegapianoforte.ch\/#website"},"datePublished":"2023-06-22T12:50:40+00:00","dateModified":"2023-08-23T05:11:00+00:00","breadcrumb":{"@id":"https:\/\/bottegapianoforte.ch\/de\/labor\/#breadcrumb"},"inLanguage":"de","potentialAction":[{"@type":"ReadAction","target":["https:\/\/bottegapianoforte.ch\/de\/labor\/"]}]},{"@type":"BreadcrumbList","@id":"https:\/\/bottegapianoforte.ch\/de\/labor\/#breadcrumb","itemListElement":[{"@type":"ListItem","position":1,"name":"Home","item":"https:\/\/bottegapianoforte.ch\/de\/"},{"@type":"ListItem","position":2,"name":"Labor"}]},{"@type":"WebSite","@id":"https:\/\/bottegapianoforte.ch\/#website","url":"https:\/\/bottegapianoforte.ch\/","name":"LA BOTTEGA DEL PIANOFORTE","description":"LA BOTTEGA DEL PIANOFORTE","alternateName":"LA BOTTEGA DEL PIANOFORTE","potentialAction":[{"@type":"SearchAction","target":{"@type":"EntryPoint","urlTemplate":"https:\/\/bottegapianoforte.ch\/?s={search_term_string}"},"query-input":"required name=search_term_string"}],"inLanguage":"de"}]}},"_links":{"self":[{"href":"https:\/\/bottegapianoforte.ch\/de\/wp-json\/wp\/v2\/pages\/1093","targetHints":{"allow":["GET"]}}],"collection":[{"href":"https:\/\/bottegapianoforte.ch\/de\/wp-json\/wp\/v2\/pages"}],"about":[{"href":"https:\/\/bottegapianoforte.ch\/de\/wp-json\/wp\/v2\/types\/page"}],"author":[{"embeddable":true,"href":"https:\/\/bottegapianoforte.ch\/de\/wp-json\/wp\/v2\/users\/1"}],"replies":[{"embeddable":true,"href":"https:\/\/bottegapianoforte.ch\/de\/wp-json\/wp\/v2\/comments?post=1093"}],"version-history":[{"count":4,"href":"https:\/\/bottegapianoforte.ch\/de\/wp-json\/wp\/v2\/pages\/1093\/revisions"}],"predecessor-version":[{"id":1098,"href":"https:\/\/bottegapianoforte.ch\/de\/wp-json\/wp\/v2\/pages\/1093\/revisions\/1098"}],"wp:attachment":[{"href":"https:\/\/bottegapianoforte.ch\/de\/wp-json\/wp\/v2\/media?parent=1093"}],"curies":[{"name":"wp","href":"https:\/\/api.w.org\/{rel}","templated":true}]}}